{"id":712,"date":"2024-05-09T09:43:07","date_gmt":"2024-05-09T09:43:07","guid":{"rendered":"https:\/\/pimp-your-world.de\/?page_id=712"},"modified":"2024-05-09T09:48:29","modified_gmt":"2024-05-09T09:48:29","slug":"ueber-mich","status":"publish","type":"page","link":"https:\/\/pimp-your-world.de\/?page_id=712","title":{"rendered":"\u00dcber mich"},"content":{"rendered":"\n<figure class=\"wp-block-image size-large is-resized\"><img loading=\"lazy\" decoding=\"async\" width=\"1500\" height=\"1470\" src=\"https:\/\/pimp-your-world.de\/wp-content\/uploads\/2024\/05\/20221227_113035k-1500x1470.jpg\" alt=\"\" class=\"wp-image-705\" style=\"width:300px;height:auto\" srcset=\"https:\/\/pimp-your-world.de\/wp-content\/uploads\/2024\/05\/20221227_113035k-1500x1470.jpg 1500w, https:\/\/pimp-your-world.de\/wp-content\/uploads\/2024\/05\/20221227_113035k-800x784.jpg 800w, https:\/\/pimp-your-world.de\/wp-content\/uploads\/2024\/05\/20221227_113035k-768x753.jpg 768w, https:\/\/pimp-your-world.de\/wp-content\/uploads\/2024\/05\/20221227_113035k-1536x1505.jpg 1536w, https:\/\/pimp-your-world.de\/wp-content\/uploads\/2024\/05\/20221227_113035k-940x921.jpg 940w, https:\/\/pimp-your-world.de\/wp-content\/uploads\/2024\/05\/20221227_113035k-408x400.jpg 408w, https:\/\/pimp-your-world.de\/wp-content\/uploads\/2024\/05\/20221227_113035k.jpg 1960w\" sizes=\"(max-width: 1500px) 100vw, 1500px\" \/><\/figure>\n\n\n\n<blockquote class=\"wp-block-quote is-layout-flow wp-block-quote-is-layout-flow\">\n<p><\/p>\n<cite>Vor 15 Jahren kaufte sich meine Schwester ihre ersten beiden Windhunde (Salukis). Bald fingen wir an, fernab des Mainstreams, uns an besonderen und schm\u00fcckenden Halsb\u00e4ndern f\u00fcr diese edlen Hunde zu versuchen. Bei mir wurde daraus eine Leidenschaft, die sich auch auf die Fertigung von au\u00dfergew\u00f6hnlichen Halftern f\u00fcr meine damaligen Pflegepferde ausweitete. Inzwischen steht mein eigenes Pferd, Araberwallach Hilal, sehr nachsichtig und geduldig Modell f\u00fcr meine neuesten Halfterkreationen.<br>Bei der Fertigung meiner Halsb\u00e4nder und Halfter verwende ich ausschie\u00dflich veganes Leder, Kunstfell und Materialien in hochwertiger Qualit\u00e4t. Haltbarkeit und Langlebigkeit haben f\u00fcr mich einen hohen Stellenwert. Hierauf achte ich auch schon beim Materialkauf sehr. Selbstverst\u00e4ndlich wurde voher alles immer ausgiebig getestet von meinen vierbeinigen Mitarbeitern Hilal, sowie Kimaan und Laresh, unseren beiden Familien-Salukis.<\/cite><\/blockquote>\n","protected":false},"excerpt":{"rendered":"<p>Vor 15 Jahren kaufte sich meine Schwester ihre ersten beiden Windhunde (Salukis). Bald fingen wir an, fernab des Mainstreams, uns an besonderen und schm\u00fcckenden Halsb\u00e4ndern f\u00fcr diese edlen Hunde zu versuchen. Bei mir wurde daraus&hellip; <a href=\"https:\/\/pimp-your-world.de\/?page_id=712\">Mehr<\/a><\/p>\n","protected":false},"author":1,"featured_media":0,"parent":0,"menu_order":0,"comment_status":"closed","ping_status":"closed","template":"","meta":{"footnotes":""},"_links":{"self":[{"href":"https:\/\/pimp-your-world.de\/index.php?rest_route=\/wp\/v2\/pages\/712"}],"collection":[{"href":"https:\/\/pimp-your-world.de\/index.php?rest_route=\/wp\/v2\/pages"}],"about":[{"href":"https:\/\/pimp-your-world.de\/index.php?rest_route=\/wp\/v2\/types\/page"}],"author":[{"embeddable":true,"href":"https:\/\/pimp-your-world.de\/index.php?rest_route=\/wp\/v2\/users\/1"}],"replies":[{"embeddable":true,"href":"https:\/\/pimp-your-world.de\/index.php?rest_route=%2Fwp%2Fv2%2Fcomments&post=712"}],"version-history":[{"count":2,"href":"https:\/\/pimp-your-world.de\/index.php?rest_route=\/wp\/v2\/pages\/712\/revisions"}],"predecessor-version":[{"id":717,"href":"https:\/\/pimp-your-world.de\/index.php?rest_route=\/wp\/v2\/pages\/712\/revisions\/717"}],"wp:attachment":[{"href":"https:\/\/pimp-your-world.de\/index.php?rest_route=%2Fwp%2Fv2%2Fmedia&parent=712"}],"curies":[{"name":"wp","href":"https:\/\/api.w.org\/{rel}","templated":true}]}}